{"id":3620,"date":"2019-02-05T10:08:34","date_gmt":"2019-02-05T09:08:34","guid":{"rendered":"https:\/\/www.arnaudfonquerne.com\/?post_type=product&#038;p=3620"},"modified":"2024-04-22T13:20:29","modified_gmt":"2024-04-22T11:20:29","slug":"untitled-bolivia-sud-lipez-4","status":"publish","type":"product","link":"https:\/\/www.arnaudfonquerne.com\/en\/produit\/untitled-bolivia-sud-lipez-4\/","title":{"rendered":"Untitled &#8211; Bolivia &#8211; Sud Lipez"},"content":{"rendered":"<div class=\"grid kcm\">\n<div class=\"grid__item one-whole portable--auto lap--auto palm--auto\"><\/div>\n<\/div>\n","protected":false},"excerpt":{"rendered":"<p>The Andean Eduardo Avaroa National Wildlife Area in Bolivia is a vast 7,000 km2 nature conservation area in the Potos\u00ed Department, bordering Argentina and Chile. Bolivia, august 2018.<\/p>\n<p>La r\u00e9serve nationale de faune andine Eduardo Avaroa en Bolivie est une vaste zone de protection de la nature de 7 000 km2, situ\u00e9e dans le d\u00e9partement de Potos\u00ed, aux fronti\u00e8res de l&#8217;Argentine et du Chili. Bolivie, ao\u00fbt 2018.<\/p>\n","protected":false},"featured_media":4892,"template":"","meta":[],"product_brand":[],"product_cat":[90],"product_tag":[],"class_list":{"0":"post-3620","1":"product","2":"type-product","3":"status-publish","4":"has-post-thumbnail","6":"product_cat-untitled","8":"first","9":"instock","10":"purchasable","11":"product-type-variable"},"_links":{"self":[{"href":"https:\/\/www.arnaudfonquerne.com\/en\/wp-json\/wp\/v2\/product\/3620","targetHints":{"allow":["GET"]}}],"collection":[{"href":"https:\/\/www.arnaudfonquerne.com\/en\/wp-json\/wp\/v2\/product"}],"about":[{"href":"https:\/\/www.arnaudfonquerne.com\/en\/wp-json\/wp\/v2\/types\/product"}],"wp:featuredmedia":[{"embeddable":true,"href":"https:\/\/www.arnaudfonquerne.com\/en\/wp-json\/wp\/v2\/media\/4892"}],"wp:attachment":[{"href":"https:\/\/www.arnaudfonquerne.com\/en\/wp-json\/wp\/v2\/media?parent=3620"}],"wp:term":[{"taxonomy":"product_brand","embeddable":true,"href":"https:\/\/www.arnaudfonquerne.com\/en\/wp-json\/wp\/v2\/product_brand?post=3620"},{"taxonomy":"product_cat","embeddable":true,"href":"https:\/\/www.arnaudfonquerne.com\/en\/wp-json\/wp\/v2\/product_cat?post=3620"},{"taxonomy":"product_tag","embeddable":true,"href":"https:\/\/www.arnaudfonquerne.com\/en\/wp-json\/wp\/v2\/product_tag?post=3620"}],"curies":[{"name":"wp","href":"https:\/\/api.w.org\/{rel}","templated":true}]}}