{"id":3631,"date":"2019-02-05T10:14:30","date_gmt":"2019-02-05T09:14:30","guid":{"rendered":"https:\/\/www.arnaudfonquerne.com\/?post_type=product&#038;p=3631"},"modified":"2024-04-22T13:20:28","modified_gmt":"2024-04-22T11:20:28","slug":"untitled-bolivia-sud-lipez-5","status":"publish","type":"product","link":"https:\/\/www.arnaudfonquerne.com\/en\/produit\/untitled-bolivia-sud-lipez-5\/","title":{"rendered":"Untitled &#8211; Bolivia &#8211; Sud Lipez"},"content":{"rendered":"<div class=\"grid kcm\">\n<div class=\"grid__item one-whole portable--auto lap--auto palm--auto\" data-style=\"undefined\"><\/div>\n<\/div>\n","protected":false},"excerpt":{"rendered":"<p>Fiesta of the Virgen de Guadalupe. This festival takes place during the first half of September. The faithful come to give thanks to the Virgin of Guadalupe, patron saint of the city of Sucre. A mass is celebrated in honor of the Virgin of Guadalupe in the main square of Sucre, followed by the procession of the Virgin and the folkloric parade (music, dance, traditional games) in which thousands of participants participate. Bolivia, september 2018.<\/p>\n<p>Fiesta de la Virgen de Guadalupe. Cette f\u00eate se d\u00e9roule durant la premi\u00e8re quinzaine de septembre. Les fid\u00e8les viennent rendre gr\u00e2ce \u00e0 la Vierge de Guadalupe, patronne de la ville de Sucre. Une messe est c\u00e9l\u00e9br\u00e9e en l&#8217;honneur de la Vierge de Guadalupe sur la place principale de Sucre, viennent ensuite la procession de la Vierge et le d\u00e9fil\u00e9 folklorique (musique, danses, jeux traditionnels) auquel participent des milliers de participants. Bolivie, september 2018.<\/p>\n","protected":false},"featured_media":4975,"template":"","meta":[],"product_brand":[],"product_cat":[90],"product_tag":[],"class_list":{"0":"post-3631","1":"product","2":"type-product","3":"status-publish","4":"has-post-thumbnail","6":"product_cat-untitled","8":"first","9":"instock","10":"purchasable","11":"product-type-variable"},"_links":{"self":[{"href":"https:\/\/www.arnaudfonquerne.com\/en\/wp-json\/wp\/v2\/product\/3631","targetHints":{"allow":["GET"]}}],"collection":[{"href":"https:\/\/www.arnaudfonquerne.com\/en\/wp-json\/wp\/v2\/product"}],"about":[{"href":"https:\/\/www.arnaudfonquerne.com\/en\/wp-json\/wp\/v2\/types\/product"}],"wp:featuredmedia":[{"embeddable":true,"href":"https:\/\/www.arnaudfonquerne.com\/en\/wp-json\/wp\/v2\/media\/4975"}],"wp:attachment":[{"href":"https:\/\/www.arnaudfonquerne.com\/en\/wp-json\/wp\/v2\/media?parent=3631"}],"wp:term":[{"taxonomy":"product_brand","embeddable":true,"href":"https:\/\/www.arnaudfonquerne.com\/en\/wp-json\/wp\/v2\/product_brand?post=3631"},{"taxonomy":"product_cat","embeddable":true,"href":"https:\/\/www.arnaudfonquerne.com\/en\/wp-json\/wp\/v2\/product_cat?post=3631"},{"taxonomy":"product_tag","embeddable":true,"href":"https:\/\/www.arnaudfonquerne.com\/en\/wp-json\/wp\/v2\/product_tag?post=3631"}],"curies":[{"name":"wp","href":"https:\/\/api.w.org\/{rel}","templated":true}]}}